{"id":24233,"date":"2018-09-26T06:37:43","date_gmt":"2018-09-26T06:37:43","guid":{"rendered":"https:\/\/cafe.clubdragon.com\/?page_id=24233"},"modified":"2018-10-05T08:16:27","modified_gmt":"2018-10-05T08:16:27","slug":"politica-de-privacidad","status":"publish","type":"page","link":"https:\/\/cafe.clubdragon.com\/en\/politica-de-privacidad\/","title":{"rendered":"Pol\u00edtica de privacidad"},"content":{"rendered":"<p><\/p>\n<p class=\"p3\"><span class=\"s1\"><b>Protecci\u00f3n de datos de car\u00e1cter personal seg\u00fan la LOPD<\/b><\/span><\/p>\n<p class=\"p3\"><span class=\"s1\"><strong>Asociaci\u00f3n Club Dragon<\/strong> (de ahora en adelante La Empresa) en aplicaci\u00f3n de la normativa vigente en materia de protecci\u00f3n de datos de car\u00e1cter personal, informa que los datos personales que se recogen a trav\u00e9s de los formularios del Sitio web:\u00a0<strong>cafe.clubdragon.com<\/strong><\/span><span class=\"s1\">\u00a0(de ahora en delante Nuestra Web), se incluyen en los ficheros automatizados espec\u00edficos de usuarios de los servicios de La Empresa.<\/span><\/p>\n<p class=\"p3\"><span class=\"s1\">La recogida y tratamiento automatizado de los datos de car\u00e1cter personal tiene como finalidad el mantenimiento de la relaci\u00f3n comercial y el desempe\u00f1o de tareas de informaci\u00f3n, formaci\u00f3n, asesoramiento y otras actividades propias de La Empresa.<\/span><\/p>\n<p class=\"p3\"><span class=\"s1\">Estos datos \u00fanicamente ser\u00e1n cedidos a aquellas entidades que sean necesarias con el \u00fanico objetivo de dar cumplimiento a la finalidad anteriormente expuesta.<\/span><\/p>\n<p class=\"p3\"><span class=\"s1\">La Empresa adopta las medidas necesarias para garantizar la seguridad, integridad y confidencialidad de los datos conforme a lo dispuesto en el Reglamento (UE) 2016\/679 del Parlamento Europeo y del Consejo, de 27 de abril de 2016, relativo a la protecci\u00f3n de las personas f\u00edsicas en lo que respecta al tratamiento de datos personales y a la libre circulaci\u00f3n de los mismos.<\/span><\/p>\n<p class=\"p3\"><span class=\"s1\">El usuario podr\u00e1 en cualquier momento ejercitar los derechos de acceso, oposici\u00f3n, rectificaci\u00f3n y cancelaci\u00f3n reconocidos en el citado Reglamento (UE). El ejercicio de estos derechos puede realizarlo el propio usuario a trav\u00e9s de email a: <strong>alberto@clavesa.com<\/strong><\/span><span class=\"s1\">\u00a0o en la direcci\u00f3n:\u00a0<strong> Ctra de Ajalvir a Daganzo KM &#8211; Madrid &#8211; Ajavir &#8211; Espa\u00f1a &#8211; 28864<\/strong><\/span><\/p>\n<p class=\"p3\"><span class=\"s1\">El usuario manifiesta que todos los datos facilitados por \u00e9l son ciertos y correctos, y se compromete a mantenerlos actualizados, comunicando los cambios a La Empresa.<\/span><\/p>\n<p class=\"p3\"><span class=\"s1\"><br \/>\nFinalidad del tratamiento de los datos personales:<\/span><\/p>\n<p class=\"p3\"><span class=\"s1\">\u00bfCon qu\u00e9 finalidad trataremos tus datos personales?<\/span><\/p>\n<p class=\"p3\"><span class=\"s1\">En La Empresa, trataremos tus datos personales recabados a trav\u00e9s de Nuestra Web, con las siguientes finalidades:<\/span><\/p>\n<ol class=\"ol1\">\n<li class=\"li4\"><span class=\"s3\">En caso de contrataci\u00f3n de los bienes y servicios ofertados a trav\u00e9s de Nuestra Web, para mantener la relaci\u00f3n contractual, as\u00ed como la gesti\u00f3n, administraci\u00f3n, informaci\u00f3n, prestaci\u00f3n y mejora del servicio.<\/span><\/li>\n<li class=\"li4\"><span class=\"s3\">Env\u00edo de informaci\u00f3n solicitada a trav\u00e9s de los formularios dispuestos en Nuestra Web.<\/span><\/li>\n<li class=\"li5\"><span class=\"s3\">Remitir boletines (newsletters), as\u00ed como comunicaciones comerciales de promociones y\/o publicidad de Nuestra Web y del sector.<\/span><\/li>\n<\/ol>\n<p class=\"p3\"><span class=\"s1\">Te recordamos que puedes oponerte al env\u00edo de comunicaciones comerciales por cualquier v\u00eda y en cualquier momento, remitiendo un correo electr\u00f3nico a la direcci\u00f3n indicada anteriormente.<\/span><\/p>\n<p class=\"p3\"><span class=\"s1\">Los campos de dichos registros son de cumplimentaci\u00f3n obligatoria, siendo imposible realizar las finalidades expresadas si no se aportan esos datos.<\/span><\/p>\n<p class=\"p3\"><span class=\"s1\">\u00bfPor cu\u00e1nto tiempo se conservan los datos personales recabados?<\/span><\/p>\n<p class=\"p3\"><span class=\"s1\">Los datos personales proporcionados se conservar\u00e1n mientras se mantenga la relaci\u00f3n comercial o no solicites su supresi\u00f3n y durante el plazo por el cu\u00e1l pudieran derivarse responsabilidades legales por los servicios prestados.<\/span><\/p>\n<p class=\"p3\"><span class=\"s1\"><b><br \/>\nLegitimaci\u00f3n:<\/b><\/span><\/p>\n<p class=\"p3\"><span class=\"s1\">El tratamiento de tus datos se realiza con las siguientes bases jur\u00eddicas que legitiman el mismo:<\/span><\/p>\n<ol class=\"ol1\">\n<li class=\"li4\"><span class=\"s3\">La solicitud de informaci\u00f3n y\/o la contrataci\u00f3n de los servicios de La Empresa, cuyos t\u00e9rminos y condiciones se pondr\u00e1n a tu disposici\u00f3n en todo caso, de forma previa a una eventual contrataci\u00f3n.<\/span><\/li>\n<li class=\"li5\"><span class=\"s3\">El consentimiento libre, espec\u00edfico, informado e inequ\u00edvoco, en tanto que te informamos poniendo a tu disposici\u00f3n la presente pol\u00edtica de privacidad, que tras la lectura de la misma, en caso de estar conforme, puedes aceptar mediante una declaraci\u00f3n o una clara acci\u00f3n afirmativa, como el marcado de una casilla dispuesta al efecto.<\/span><\/li>\n<\/ol>\n<p class=\"p3\"><span class=\"s1\">En caso de que no nos facilites tus datos o lo hagas de forma err\u00f3nea o incompleta, no podremos atender tu solicitud, resultando del todo imposible proporcionarte la informaci\u00f3n solicitada o llevar a cabo la contrataci\u00f3n de los servicios.<\/span><\/p>\n<p class=\"p3\"><span class=\"s1\"><b><br \/>\nDestinatarios:<\/b><\/span><\/p>\n<p class=\"p3\"><span class=\"s1\">Los datos no se comunicar\u00e1n a ning\u00fan tercero ajeno a La Empresa, salvo obligaci\u00f3n legal.<\/span><\/p>\n<p class=\"p3\"><span class=\"s1\">Datos recopilados por usuarios de los servicios<br \/>\nEn los casos en que el usuario incluya ficheros con datos de car\u00e1cter personal en los servidores de alojamiento compartido, La Empresa no se hace responsable del incumplimiento por parte del usuario del RGPD.<br \/>\n<\/span><\/p>\n<p class=\"p3\"><span class=\"s1\">Retenci\u00f3n de datos en conformidad a la LSSI<\/span><\/p>\n<p class=\"p3\"><span class=\"s1\">La Empresa informa de que, como prestador de servicio de alojamiento de datos y en virtud de lo establecido en la Ley 34\/2002 de 11 de julio de Servicios de la Sociedad de la Informaci\u00f3n y de Comercio Electr\u00f3nico (LSSI), retiene por un periodo m\u00e1ximo de 12 meses la informaci\u00f3n imprescindible para identificar el origen de los datos alojados y el momento en que se inici\u00f3 la prestaci\u00f3n del servicio.<\/span><\/p>\n<p class=\"p3\"><span class=\"s1\">La retenci\u00f3n de estos datos no afecta al secreto de las comunicaciones y s\u00f3lo podr\u00e1n ser utilizados en el marco de una investigaci\u00f3n criminal o para la salvaguardia de la seguridad p\u00fablica, poni\u00e9ndose a disposici\u00f3n de los jueces y\/o tribunales o del Ministerio que as\u00ed los requiera.<br \/>\nLa comunicaci\u00f3n de datos a las Fuerzas y Cuerpos del Estado se har\u00e1 en virtud a lo dispuesto en la normativa sobre protecci\u00f3n de datos personales.<br \/>\n<\/span><\/p>\n<p class=\"p3\"><span class=\"s1\"><b><br \/>\nDerechos propiedad intelectual de Nuestra Web<\/b><\/span><\/p>\n<p class=\"p3\"><span class=\"s1\">La Empresa es titular de todos los derechos de autor, propiedad intelectual, industrial, \u201cknow how\u201d y cuantos otros derechos guardan relaci\u00f3n con los contenidos de Nuestra Web y los servicios ofertados en el mismo, as\u00ed como de los programas necesarios para su implementaci\u00f3n y la informaci\u00f3n relacionada.<\/span><\/p>\n<p class=\"p3\"><span class=\"s1\">No se permite la reproducci\u00f3n, publicaci\u00f3n y\/o uso no estrictamente privado de los contenidos, totales o parciales, de Nuestra Web sin el consentimiento previo y por escrito.<\/span><\/p>\n<p class=\"p3\"><span class=\"s1\"><b><br \/>\nPropiedad intelectual del software<\/b><\/span><\/p>\n<p class=\"p3\"><span class=\"s1\">El usuario debe respetar los programas de terceros puestos a su disposici\u00f3n por La Empresa, aun siendo gratuitos y\/o de disposici\u00f3n p\u00fablica.<\/span><\/p>\n<p class=\"p3\"><span class=\"s1\">La Empresa dispone de los derechos de explotaci\u00f3n y propiedad intelectual necesarios del software.<\/span><\/p>\n<p class=\"p3\"><span class=\"s1\">El usuario no adquiere derecho alguno o licencia por el servicio contratado, sobre el software necesario para la prestaci\u00f3n del servicio, ni tampoco sobre la informaci\u00f3n t\u00e9cnica de seguimiento del servicio, excepci\u00f3n hecha de los derechos y licencias necesarios para el cumplimiento de los servicios contratados y \u00fanicamente durante la duraci\u00f3n de los mismos.<\/span><\/p>\n<p class=\"p3\"><span class=\"s1\">Para toda actuaci\u00f3n que exceda del cumplimiento del contrato, el usuario necesitar\u00e1 autorizaci\u00f3n por escrito por parte de La Empresa, quedando prohibido al usuario acceder, modificar, visualizar la configuraci\u00f3n, estructura y ficheros de los servidores propiedad de La Empresa, asumiendo la responsabilidad civil y penal derivada de cualquier incidencia que se pudiera producir en los servidores y sistemas de seguridad como consecuencia directa de una actuaci\u00f3n negligente o maliciosa por su parte.<\/span><\/p>\n<p class=\"p3\"><span class=\"s1\"><b><br \/>\nPropiedad intelectual de los contenidos alojados<\/b><\/span><\/p>\n<p class=\"p3\"><span class=\"s1\">Se proh\u00edbe el uso contrario a la legislaci\u00f3n sobre propiedad intelectual de los servicios prestados por La Empresa y, en particular de:<\/span><\/p>\n<ul class=\"ul1\">\n<li class=\"li4\"><span class=\"s3\">La utilizaci\u00f3n que resulte contraria a las leyes espa\u00f1olas o que infrinja los derechos de terceros.<\/span><\/li>\n<li class=\"li4\"><span class=\"s3\">La publicaci\u00f3n o la transmisi\u00f3n de cualquier contenido que, a juicio de La Empresa, resulte violento, obsceno, abusivo, ilegal, racial, xen\u00f3fobo o difamatorio.<\/span><\/li>\n<li class=\"li4\"><span class=\"s3\">Los cracks, n\u00fameros de serie de programas o cualquier otro contenido que vulnere derechos de la propiedad intelectual de terceros.<\/span><\/li>\n<li class=\"li5\"><span class=\"s3\">La recogida y\/o utilizaci\u00f3n de datos personales de otros usuarios sin su consentimiento expreso o contraviniendo lo dispuesto en Reglamento (UE) 2016\/679 del Parlamento Europeo y del Consejo, de 27 de abril de 2016, relativo a la protecci\u00f3n de las personas f\u00edsicas en lo que respecta al tratamiento de datos personales y a la libre circulaci\u00f3n de los mismos.<\/span><\/li>\n<\/ul>\n<p class=\"p3\"><span class=\"s1\">\u2022 La utilizaci\u00f3n del servidor de correo del dominio y de las direcciones de correo electr\u00f3nico para el env\u00edo\u00a0de correo masivo no deseado.<\/span><\/p>\n<p class=\"p3\"><span class=\"s1\">El usuario tiene toda la responsabilidad sobre el contenido de su web, la informaci\u00f3n transmitida y almacenada, los enlaces de hipertexto, las reivindicaciones de terceros y las acciones legales en referencia a propiedad intelectual, derechos de terceros y protecci\u00f3n de menores.<\/span><\/p>\n<p class=\"p3\"><span class=\"s1\">El usuario es responsable respecto a las leyes y reglamentos en vigor y las reglas que tienen que ver con el funcionamiento del servicio online, comercio electr\u00f3nico, derechos de autor, mantenimiento del orden p\u00fablico, as\u00ed como principios universales de uso de Internet.<\/span><\/p>\n<p class=\"p3\"><span class=\"s1\">El usuario indemnizar\u00e1 a La Empresa por los gastos que generara la imputaci\u00f3n de la La Empresa en alguna causa cuya responsabilidad fuera atribuible al usuario, incluidos honorarios y gastos de defensa jur\u00eddica, incluso en el caso de una decisi\u00f3n judicial no definitiva.<\/span><\/p>\n<p class=\"p3\"><span class=\"s1\"><b><br \/>\nProtecci\u00f3n de la informaci\u00f3n alojada<\/b><\/span><\/p>\n<p class=\"p3\"><span class=\"s1\">La Empresa realiza copias de seguridad de los contenidos alojados en sus servidores, sin embargo no se responsabiliza de la p\u00e9rdida o el borrado accidental de los datos por parte de los usuarios. De igual manera, no garantiza la reposici\u00f3n total de los datos borrados por los usuarios, ya que los citados datos podr\u00edan haber sido suprimidos y\/o modificados durante el periodo del tiempo transcurrido desde la \u00faltima copia de seguridad.<\/span><\/p>\n<p class=\"p3\"><span class=\"s1\">Los servicios ofertados, excepto los servicios espec\u00edficos de backup, no incluyen la reposici\u00f3n de los contenidos conservados en las copias de seguridad realizadas por La Empresa, cuando esta p\u00e9rdida sea imputable al usuario; en este caso, se determinar\u00e1 una tarifa acorde a la complejidad y volumen de la recuperaci\u00f3n, siempre previa aceptaci\u00f3n del usuario.<\/span><\/p>\n<p class=\"p3\"><span class=\"s1\">La reposici\u00f3n de datos borrados s\u00f3lo est\u00e1 incluida en el precio del servicio cuando la p\u00e9rdida del contenido sea debida a causas atribuibles a La Empresa.<\/span><\/p>\n<p class=\"p3\"><span class=\"s1\"><b><br \/>\nComunicaciones comerciales<\/b><\/span><\/p>\n<p class=\"p3\"><span class=\"s1\">En aplicaci\u00f3n de la LSSI. La Empresa no enviar\u00e1 comunicaciones publicitarias o promocionales por correo electr\u00f3nico u otro medio de comunicaci\u00f3n electr\u00f3nica equivalente que previamente no hubieran sido solicitadas o expresamente autorizadas por los destinatarios de las mismas.<\/span><\/p>\n<p class=\"p3\"><span class=\"s1\">En el caso de usuarios con los que exista una relaci\u00f3n contractual previa, La Empresa s\u00ed est\u00e1 autorizado al env\u00edo de comunicaciones comerciales referentes a productos o servicios de La Empresa que sean similares a los que inicialmente fueron objeto de contrataci\u00f3n con el cliente.<\/span><\/p>\n<p class=\"p6\"><span class=\"s1\">En todo caso, el usuario, tras acreditar su identidad, podr\u00e1 solicitar que no se le haga llegar m\u00e1s informaci\u00f3n comercial a trav\u00e9s de los canales de Atenci\u00f3n al Cliente.<\/span><\/p>\n<p><\/p>","protected":false},"excerpt":{"rendered":"<p>Protecci\u00f3n de datos de car\u00e1cter personal seg\u00fan la LOPD Asociaci\u00f3n Club Dragon (de ahora en adelante La Empresa) en aplicaci\u00f3n de la normativa vigente en materia de protecci\u00f3n de datos de car\u00e1cter personal, informa que los datos personales que se recogen a trav\u00e9s de los formularios del Sitio web:\u00a0cafe.clubdragon.com\u00a0(de ahora en delante Nuestra Web), se incluyen en los ficheros automatizados<\/p>\n<div class=\"h10\"><\/div>\n<p><a class=\"more-link2 flat\" href=\"https:\/\/cafe.clubdragon.com\/en\/politica-de-privacidad\/\">Read more<\/a><\/p>\n","protected":false},"author":1,"featured_media":0,"parent":0,"menu_order":0,"comment_status":"closed","ping_status":"closed","template":"","meta":{"footnotes":""},"class_list":["post-24233","page","type-page","status-publish","hentry"],"aioseo_notices":[],"_links":{"self":[{"href":"https:\/\/cafe.clubdragon.com\/en\/wp-json\/wp\/v2\/pages\/24233","targetHints":{"allow":["GET"]}}],"collection":[{"href":"https:\/\/cafe.clubdragon.com\/en\/wp-json\/wp\/v2\/pages"}],"about":[{"href":"https:\/\/cafe.clubdragon.com\/en\/wp-json\/wp\/v2\/types\/page"}],"author":[{"embeddable":true,"href":"https:\/\/cafe.clubdragon.com\/en\/wp-json\/wp\/v2\/users\/1"}],"replies":[{"embeddable":true,"href":"https:\/\/cafe.clubdragon.com\/en\/wp-json\/wp\/v2\/comments?post=24233"}],"version-history":[{"count":5,"href":"https:\/\/cafe.clubdragon.com\/en\/wp-json\/wp\/v2\/pages\/24233\/revisions"}],"predecessor-version":[{"id":24279,"href":"https:\/\/cafe.clubdragon.com\/en\/wp-json\/wp\/v2\/pages\/24233\/revisions\/24279"}],"wp:attachment":[{"href":"https:\/\/cafe.clubdragon.com\/en\/wp-json\/wp\/v2\/media?parent=24233"}],"curies":[{"name":"wp","href":"https:\/\/api.w.org\/{rel}","templated":true}]}}