{"id":24240,"date":"2018-09-26T06:39:40","date_gmt":"2018-09-26T06:39:40","guid":{"rendered":"https:\/\/cafe.clubdragon.com\/?page_id=24240"},"modified":"2018-09-26T06:40:01","modified_gmt":"2018-09-26T06:40:01","slug":"aviso-legal","status":"publish","type":"page","link":"https:\/\/cafe.clubdragon.com\/en\/aviso-legal\/","title":{"rendered":"Aviso legal"},"content":{"rendered":"<p class=\"p1\"><span class=\"s1\"><strong>Asociaci\u00f3n Club Dragon<\/strong> (de ahora en adelante La Empresa), provisto con NIF\/CIF <strong>B28814622<\/strong>,\u00a0<\/span><span class=\"s1\">direcci\u00f3n\u00a0<strong>Ctra de Ajalvir a Daganzo KM &#8211; Madrid &#8211; Ajavir &#8211; Espa\u00f1a &#8211; 28864<\/strong><\/span><span class=\"s1\">, no puede asumir ninguna responsabilidad derivada del uso incorrecto, inapropiado o il\u00edcito de la informaci\u00f3n aparecida en las p\u00e1ginas de Internet de\u00a0<strong>cafe.clubdragon.com<\/strong><\/span><span class=\"s1\">\u00a0(de ahora en delante Nuestra Web)<\/span><\/p>\n<p class=\"p3\"><span class=\"s1\">Con los l\u00edmites establecidos en la ley, Nuestra Web no asume ninguna responsabilidad derivada de la falta de veracidad, integridad, actualizaci\u00f3n y precisi\u00f3n de los datos o informaciones que se contienen en sus p\u00e1ginas de Internet.<\/span><\/p>\n<p class=\"p3\"><span class=\"s1\">Los contenidos e informaci\u00f3n no vinculan a Nuestra Web ni constituyen opiniones, consejos o asesoramiento legal de ning\u00fan tipo pues se trata meramente de un servicio ofrecido con car\u00e1cter informativo y divulgativo.<\/span><\/p>\n<p class=\"p3\"><span class=\"s1\">Las p\u00e1ginas de Internet de Nuestra Web pueden contener enlaces (links) a otras p\u00e1ginas de terceras partes que Nuestra Web no puede controlar. Por lo tanto, Nuestra Web no puede asumir responsabilidades por el contenido que pueda aparecer en p\u00e1ginas de terceros.<\/span><\/p>\n<p class=\"p3\"><span class=\"s1\">Los textos, im\u00e1genes, sonidos, animaciones, software y el resto de contenidos incluidos en este website son propiedad exclusiva de Nuestra Web o sus licenciantes. Cualquier acto de transmisi\u00f3n, distribuci\u00f3n, cesi\u00f3n, reproducci\u00f3n, almacenamiento o comunicaci\u00f3n p\u00fablica total o parcial, debe contar con el consentimiento expreso de Nuestra Web.<\/span><\/p>\n<p class=\"p4\"><span class=\"s1\">Asimismo, para acceder a algunos de los servicios que Nuestra Web ofrece a trav\u00e9s del website deber\u00e1 proporcionar algunos datos de car\u00e1cter personal. En cumplimiento de lo establecido en el Reglamento (UE) 2016\/679 del Parlamento Europeo y del Consejo, de 27 de abril de 2016, relativo a la protecci\u00f3n de las personas f\u00edsicas en lo que respecta al tratamiento de datos personales y a la libre circulaci\u00f3n de estos datos le informamos que, mediante la cumplimentaci\u00f3n de los presentes formularios, sus datos personales quedar\u00e1n incorporados y ser\u00e1n tratados en los ficheros de La Empresa con el fin de poderle prestar y ofrecer nuestros servicios as\u00ed como para informarle de las mejoras del sitio Web. Asimismo, le informamos de la posibilidad de que ejerza los derechos de acceso, rectificaci\u00f3n, cancelaci\u00f3n y oposici\u00f3n de sus datos de car\u00e1cter personal, manera gratuita mediante email a\u00a0<strong>alberto@clavesa.com<\/strong>\u00a0o en la direcci\u00f3n:\u00a0<strong> Ctra de Ajalvir a Daganzo KM &#8211; Madrid &#8211; Ajavir &#8211; Espa\u00f1a &#8211; 28864<\/strong><\/span><\/p>\n","protected":false},"excerpt":{"rendered":"<p>Asociaci\u00f3n Club Dragon (de ahora en adelante La Empresa), provisto con NIF\/CIF B28814622,\u00a0direcci\u00f3n\u00a0Ctra de Ajalvir a Daganzo KM &#8211; Madrid &#8211; Ajavir &#8211; Espa\u00f1a &#8211; 28864, no puede asumir ninguna responsabilidad derivada del uso incorrecto, inapropiado o il\u00edcito de la informaci\u00f3n aparecida en las p\u00e1ginas de Internet de\u00a0cafe.clubdragon.com\u00a0(de ahora en delante Nuestra Web) Con los l\u00edmites establecidos en la ley,<\/p>\n<div class=\"h10\"><\/div>\n<p><a class=\"more-link2 flat\" href=\"https:\/\/cafe.clubdragon.com\/en\/aviso-legal\/\">Read more<\/a><\/p>\n","protected":false},"author":1,"featured_media":0,"parent":0,"menu_order":0,"comment_status":"closed","ping_status":"closed","template":"","meta":{"footnotes":""},"class_list":["post-24240","page","type-page","status-publish","hentry"],"aioseo_notices":[],"_links":{"self":[{"href":"https:\/\/cafe.clubdragon.com\/en\/wp-json\/wp\/v2\/pages\/24240","targetHints":{"allow":["GET"]}}],"collection":[{"href":"https:\/\/cafe.clubdragon.com\/en\/wp-json\/wp\/v2\/pages"}],"about":[{"href":"https:\/\/cafe.clubdragon.com\/en\/wp-json\/wp\/v2\/types\/page"}],"author":[{"embeddable":true,"href":"https:\/\/cafe.clubdragon.com\/en\/wp-json\/wp\/v2\/users\/1"}],"replies":[{"embeddable":true,"href":"https:\/\/cafe.clubdragon.com\/en\/wp-json\/wp\/v2\/comments?post=24240"}],"version-history":[{"count":2,"href":"https:\/\/cafe.clubdragon.com\/en\/wp-json\/wp\/v2\/pages\/24240\/revisions"}],"predecessor-version":[{"id":24242,"href":"https:\/\/cafe.clubdragon.com\/en\/wp-json\/wp\/v2\/pages\/24240\/revisions\/24242"}],"wp:attachment":[{"href":"https:\/\/cafe.clubdragon.com\/en\/wp-json\/wp\/v2\/media?parent=24240"}],"curies":[{"name":"wp","href":"https:\/\/api.w.org\/{rel}","templated":true}]}}